{"id":8285,"date":"2025-06-06T16:12:26","date_gmt":"2025-06-06T16:12:26","guid":{"rendered":"https:\/\/detaycilar.com\/?post_type=product&#038;p=8285"},"modified":"2025-10-03T16:50:58","modified_gmt":"2025-10-03T16:50:58","slug":"areon-black-force-vanilla-black-30ml-oto-arac-spreyi","status":"publish","type":"product","link":"https:\/\/detaycilar.com\/index.php\/urun\/areon-black-force-vanilla-black-30ml-oto-arac-spreyi\/","title":{"rendered":"AREON BLACK FORCE VANILLA BLACK 30ML OTO ARA\u00c7 SPREY\u0130"},"content":{"rendered":"<p><strong>AREON BLACK FORCE 30 ML VANILLA BLACK OTO ARA\u00c7 SPREY\u0130<\/strong><\/p>\n<p>Areon Black Force serisinin \u015fehvetli kokusu, arabada ve evde ge\u00e7irdi\u011finiz anlar\u0131 daha keyifli hale getirecek. \u0130nce aroma, araban\u0131z, banyonuz, tuvaletiniz, yatak odan\u0131z veya ofisiniz gibi daha k\u00fc\u00e7\u00fck i\u00e7 mekanlara rahat ve s\u0131cak bir hava katacakt\u0131r.<\/p>\n<p><strong>Koku: Vanilya Black<\/strong><\/p>\n<p><strong>Ba\u015f Notalar: Limon, Zencefil<\/strong><\/p>\n<p><strong>Kalp Notalar: Tar\u00e7\u0131n, Bal, Reyhan<\/strong><\/p>\n<p><strong>Alt Notalar: Pa\u00e7uli, Amber, Vanilya<\/strong><\/p>\n<h3><strong>Kullan\u0131m i\u00e7in talimatlar:<\/strong><\/h3>\n<p>\u00dcr\u00fcn 30 ml&#8217;lik \u015fi\u015fededir. \u00dcr\u00fcn\u00fc do\u011frudan arac\u0131n\u0131zda ve i\u00e7 mekanlar\u0131n\u0131zda kullanabilece\u011finiz gibi, etkisini kaybeden asma ka\u011f\u0131tlar\u0131n\u0131zda \u00fczerine p\u00fcsk\u00fcrtmek suretiyle kullanabilirsiniz.<\/p>\n<p>\u00dcr\u00fcn\u00fc do\u011frudan y\u00fczeylere kesinlikle kullanmay\u0131n, zarar verebilir.<\/p>\n<p>\u00dcr\u00fcn\u00fc 5\u00b0C ile 30\u00b0C aras\u0131ndaki s\u0131cakl\u0131klarda saklay\u0131n ve kullan\u0131n.<\/p>\n<p>\u00dcr\u00fcn\u00fc do\u011frudan g\u00fcne\u015f \u0131\u015f\u0131\u011f\u0131na maruz b\u0131rakmay\u0131n.<\/p>\n","protected":false},"excerpt":{"rendered":"<p>AREON BLACK FORCE 30 ML VANILLA BLACK OTO ARA\u00c7 SPREY\u0130 Areon Black Force serisinin \u015fehvetli kokusu, arabada ve evde ge\u00e7irdi\u011finiz anlar\u0131 daha keyifli hale getirecek. \u0130nce aroma, araban\u0131z, banyonuz, tuvaletiniz, yatak odan\u0131z veya ofisiniz gibi daha k\u00fc\u00e7\u00fck i\u00e7 mekanlara rahat ve s\u0131cak bir hava katacakt\u0131r. Koku: Vanilya Black Ba\u015f Notalar: Limon, Zencefil Kalp Notalar: Tar\u00e7\u0131n, [&hellip;]<\/p>\n","protected":false},"featured_media":8286,"comment_status":"open","ping_status":"closed","template":"","meta":[],"product_cat":[251,15],"product_tag":[],"class_list":{"0":"post-8285","1":"product","2":"type-product","3":"status-publish","4":"has-post-thumbnail","6":"product_brand-areon","7":"product_cat-sprey-kokular","8":"product_cat-tum-urunler","10":"first","11":"instock","12":"taxable","13":"shipping-taxable","14":"purchasable","15":"product-type-simple"},"_links":{"self":[{"href":"https:\/\/detaycilar.com\/index.php\/wp-json\/wp\/v2\/product\/8285","targetHints":{"allow":["GET"]}}],"collection":[{"href":"https:\/\/detaycilar.com\/index.php\/wp-json\/wp\/v2\/product"}],"about":[{"href":"https:\/\/detaycilar.com\/index.php\/wp-json\/wp\/v2\/types\/product"}],"replies":[{"embeddable":true,"href":"https:\/\/detaycilar.com\/index.php\/wp-json\/wp\/v2\/comments?post=8285"}],"version-history":[{"count":1,"href":"https:\/\/detaycilar.com\/index.php\/wp-json\/wp\/v2\/product\/8285\/revisions"}],"predecessor-version":[{"id":9264,"href":"https:\/\/detaycilar.com\/index.php\/wp-json\/wp\/v2\/product\/8285\/revisions\/9264"}],"wp:featuredmedia":[{"embeddable":true,"href":"https:\/\/detaycilar.com\/index.php\/wp-json\/wp\/v2\/media\/8286"}],"wp:attachment":[{"href":"https:\/\/detaycilar.com\/index.php\/wp-json\/wp\/v2\/media?parent=8285"}],"wp:term":[{"taxonomy":"product_cat","embeddable":true,"href":"https:\/\/detaycilar.com\/index.php\/wp-json\/wp\/v2\/product_cat?post=8285"},{"taxonomy":"product_tag","embeddable":true,"href":"https:\/\/detaycilar.com\/index.php\/wp-json\/wp\/v2\/product_tag?post=8285"}],"curies":[{"name":"wp","href":"https:\/\/api.w.org\/{rel}","templated":true}]}}