{"id":8081,"date":"2025-05-31T19:26:11","date_gmt":"2025-05-31T19:26:11","guid":{"rendered":"https:\/\/detaycilar.com\/?post_type=product&#038;p=8081"},"modified":"2025-10-03T15:03:08","modified_gmt":"2025-10-03T15:03:08","slug":"valet-pro-ceramic-shampoo-1l-seramik-icerikli-sampuan","status":"publish","type":"product","link":"https:\/\/detaycilar.com\/index.php\/urun\/valet-pro-ceramic-shampoo-1l-seramik-icerikli-sampuan\/","title":{"rendered":"Valet Pro Ceramic Shampoo 1L Seramik \u0130\u00e7erikli \u015eampuan"},"content":{"rendered":"<p>Valet Pro Ceramic Shampoo\u00a0 Seramik \u0130\u00e7erikli \u015eampuan<\/p>\n<p data-start=\"0\" data-end=\"330\"><strong data-start=\"0\" data-end=\"28\">ValetPRO Ceramic Shampoo<\/strong><br data-start=\"28\" data-end=\"31\" \/>L\u00fcks kayganla\u015ft\u0131r\u0131c\u0131 k\u00f6p\u00fck ajanlar\u0131 kullan\u0131larak geli\u015ftirilen ValetPRO Ceramic Shampoo, y\u0131kama eldiveninizin arac\u0131n y\u00fczeyinde zahmetsizce kaymas\u0131n\u0131 sa\u011flar ve m\u00fckemmel bir temizlik performans\u0131 sunar. Ayn\u0131 zamanda aktif bile\u015fenler parlakl\u0131\u011f\u0131 art\u0131r\u0131r ve d\u00fczenli y\u0131kamalar aras\u0131nda su iticili\u011fini korur.<\/p>\n<p data-start=\"332\" data-end=\"531\">ValetPRO Ceramic Shampoo&#8217;nun SiO2 (seramik) koruyucu kaplamas\u0131 y\u00fczeye h\u0131zl\u0131 ve e\u015fit bir \u015fekilde yerle\u015fir, bu da su ve deterjan\u0131n kolayca durulanmas\u0131n\u0131 sa\u011flar ve arac\u0131n kurutulma s\u00fcrecini iyile\u015ftirir.<\/p>\n<p data-start=\"533\" data-end=\"579\"><strong data-start=\"533\" data-end=\"577\">ValetPRO Ceramic Shampoo\u2019nun \u00d6zellikleri<\/strong><\/p>\n<ul data-start=\"580\" data-end=\"1187\">\n<li data-start=\"580\" data-end=\"644\">\n<p data-start=\"582\" data-end=\"644\">Basit ve kullan\u0131c\u0131 dostudur, taze korunmu\u015f bir g\u00f6r\u00fcn\u00fcm sunar<\/p>\n<\/li>\n<li data-start=\"645\" data-end=\"700\">\n<p data-start=\"647\" data-end=\"700\">G\u00fc\u00e7l\u00fc ancak g\u00fcvenli bir temizlik performans\u0131 sa\u011flar<\/p>\n<\/li>\n<li data-start=\"701\" data-end=\"761\">\n<p data-start=\"703\" data-end=\"761\">Zahmetsizce durulan\u0131r ve kurur, \u00e7izgisiz bir sonu\u00e7 sunar<\/p>\n<\/li>\n<li data-start=\"762\" data-end=\"795\">\n<p data-start=\"764\" data-end=\"795\">SiO2 koruma katman\u0131 olu\u015fturur<\/p>\n<\/li>\n<li data-start=\"796\" data-end=\"871\">\n<p data-start=\"798\" data-end=\"871\">Seramik ve wax kaplamalar\u0131n \u00f6mr\u00fcn\u00fc ve dayan\u0131kl\u0131l\u0131\u011f\u0131n\u0131 art\u0131r\u0131r ve uzat\u0131r<\/p>\n<\/li>\n<li data-start=\"872\" data-end=\"993\">\n<p data-start=\"874\" data-end=\"993\">Seramik kaplama, kirlerin boya y\u00fczeyine tutunmas\u0131n\u0131 aktif olarak engeller, b\u00f6ylece sonraki temizlikleri kolayla\u015ft\u0131r\u0131r<\/p>\n<\/li>\n<li data-start=\"994\" data-end=\"1095\">\n<p data-start=\"996\" data-end=\"1095\">Arac\u0131n\u0131z\u0131n y\u00fczeyini, daha \u00f6nce koruma uygulanm\u0131\u015f olsun ya da olmas\u0131n, koruman\u0131n kolay bir yoludur<\/p>\n<\/li>\n<li data-start=\"1096\" data-end=\"1187\">\n<p data-start=\"1098\" data-end=\"1187\">Seramik kaplamay\u0131 korumak i\u00e7in idealdir, bu da onu m\u00fckemmel bir y\u0131kama yard\u0131mc\u0131s\u0131 yapar<\/p>\n<\/li>\n<\/ul>\n<p data-start=\"1189\" data-end=\"1237\"><strong data-start=\"1189\" data-end=\"1235\">ValetPRO Ceramic Shampoo Nas\u0131l Kullan\u0131l\u0131r:<\/strong><\/p>\n<ol data-start=\"1238\" data-end=\"1554\" data-is-last-node=\"\" data-is-only-node=\"\">\n<li data-start=\"1238\" data-end=\"1291\">\n<p data-start=\"1241\" data-end=\"1291\">Bir kovada 15 ml \u00fcr\u00fcn\u00fc 5 litre su ile seyreltin.<\/p>\n<\/li>\n<li data-start=\"1292\" data-end=\"1419\">\n<p data-start=\"1295\" data-end=\"1419\">\u00dcst k\u0131s\u0131mdan ba\u015flayarak \u0131slak araca <strong data-start=\"1331\" data-end=\"1364\">Advanced Microfibre Wash Mitt<\/strong> (Geli\u015fmi\u015f Mikrofiber Y\u0131kama Eldiveni) ile uygulay\u0131n.<\/p>\n<\/li>\n<li data-start=\"1420\" data-end=\"1449\">\n<p data-start=\"1423\" data-end=\"1449\">Arac\u0131n tamam\u0131n\u0131 y\u0131kay\u0131n.<\/p>\n<\/li>\n<li data-start=\"1450\" data-end=\"1499\">\n<p data-start=\"1453\" data-end=\"1499\">\u00dcstten alta do\u011fru \u00e7al\u0131\u015farak arac\u0131 durulay\u0131n.<\/p>\n<\/li>\n<li data-start=\"1500\" data-end=\"1554\" data-is-last-node=\"\">\n<p data-start=\"1503\" data-end=\"1554\" data-is-last-node=\"\">Arac\u0131 bir <strong data-start=\"1513\" data-end=\"1532\">Kurutma Havlusu<\/strong> kullanarak kurulay\u0131n.<\/p>\n<\/li>\n<\/ol>\n","protected":false},"excerpt":{"rendered":"<p>Valet Pro Ceramic Shampoo\u00a0 Seramik \u0130\u00e7erikli \u015eampuan ValetPRO Ceramic ShampooL\u00fcks kayganla\u015ft\u0131r\u0131c\u0131 k\u00f6p\u00fck ajanlar\u0131 kullan\u0131larak geli\u015ftirilen ValetPRO Ceramic Shampoo, y\u0131kama eldiveninizin arac\u0131n y\u00fczeyinde zahmetsizce kaymas\u0131n\u0131 sa\u011flar ve m\u00fckemmel bir temizlik performans\u0131 sunar. Ayn\u0131 zamanda aktif bile\u015fenler parlakl\u0131\u011f\u0131 art\u0131r\u0131r ve d\u00fczenli y\u0131kamalar aras\u0131nda su iticili\u011fini korur. ValetPRO Ceramic Shampoo&#8217;nun SiO2 (seramik) koruyucu kaplamas\u0131 y\u00fczeye h\u0131zl\u0131 ve e\u015fit [&hellip;]<\/p>\n","protected":false},"featured_media":8082,"comment_status":"open","ping_status":"closed","template":"","meta":[],"product_cat":[155,344,15],"product_tag":[],"class_list":{"0":"post-8081","1":"product","2":"type-product","3":"status-publish","4":"has-post-thumbnail","6":"product_brand-valetpro","7":"product_cat-kova-sampuanlari","8":"product_cat-seramik-kaplama-dostu-sampuanlar","9":"product_cat-tum-urunler","11":"first","12":"instock","13":"taxable","14":"shipping-taxable","15":"purchasable","16":"product-type-simple"},"_links":{"self":[{"href":"https:\/\/detaycilar.com\/index.php\/wp-json\/wp\/v2\/product\/8081","targetHints":{"allow":["GET"]}}],"collection":[{"href":"https:\/\/detaycilar.com\/index.php\/wp-json\/wp\/v2\/product"}],"about":[{"href":"https:\/\/detaycilar.com\/index.php\/wp-json\/wp\/v2\/types\/product"}],"replies":[{"embeddable":true,"href":"https:\/\/detaycilar.com\/index.php\/wp-json\/wp\/v2\/comments?post=8081"}],"version-history":[{"count":1,"href":"https:\/\/detaycilar.com\/index.php\/wp-json\/wp\/v2\/product\/8081\/revisions"}],"predecessor-version":[{"id":9179,"href":"https:\/\/detaycilar.com\/index.php\/wp-json\/wp\/v2\/product\/8081\/revisions\/9179"}],"wp:featuredmedia":[{"embeddable":true,"href":"https:\/\/detaycilar.com\/index.php\/wp-json\/wp\/v2\/media\/8082"}],"wp:attachment":[{"href":"https:\/\/detaycilar.com\/index.php\/wp-json\/wp\/v2\/media?parent=8081"}],"wp:term":[{"taxonomy":"product_cat","embeddable":true,"href":"https:\/\/detaycilar.com\/index.php\/wp-json\/wp\/v2\/product_cat?post=8081"},{"taxonomy":"product_tag","embeddable":true,"href":"https:\/\/detaycilar.com\/index.php\/wp-json\/wp\/v2\/product_tag?post=8081"}],"curies":[{"name":"wp","href":"https:\/\/api.w.org\/{rel}","templated":true}]}}