{"id":7507,"date":"2025-05-10T19:24:30","date_gmt":"2025-05-10T19:24:30","guid":{"rendered":"https:\/\/detaycilar.com\/?post_type=product&#038;p=7507"},"modified":"2026-03-13T21:47:27","modified_gmt":"2026-03-13T18:47:27","slug":"k2-polo-protectant-5l-silikonsuz-ic-aksam-antistatik-uv-koruyucu","status":"publish","type":"product","link":"https:\/\/detaycilar.com\/index.php\/urun\/k2-polo-protectant-5l-silikonsuz-ic-aksam-antistatik-uv-koruyucu\/","title":{"rendered":"K2 POLO Protectant 5L Silikonsuz \u0130\u00e7 Aksam Antistatik UV Koruyucu"},"content":{"rendered":"<p>K2 POLO Protectant<\/p>\n<p>Yenilik\u00e7i K2 Polo Protectant ile harika g\u00f6r\u00fcn\u00fcml\u00fc bir g\u00f6sterge panelinin s\u0131rr\u0131n\u0131 ke\u015ffedin. Yeni nesil otomobillerdeki hem mat hem de yar\u0131 mat y\u00fczeylerin gereksinimlerini kar\u015f\u0131layacak \u015fekilde \u00f6zel olarak geli\u015ftirilen form\u00fcl , onlara kapsaml\u0131 koruma ve bak\u0131m sa\u011fl\u0131yor.<\/p>\n<p>K2 Polo Protectant, arac\u0131n\u0131z\u0131n g\u00f6sterge panelinden di\u011fer plastik aksamlar\u0131na kadar her \u015feyi m\u00fckemmel \u015fekilde temiz tutar. Malzemenin orijinal mat veya yar\u0131 mat g\u00f6r\u00fcn\u00fcm\u00fcn\u00fc geri kazand\u0131racak, rengini hafif\u00e7e koyula\u015ft\u0131r\u0131p ortaya \u00e7\u0131karacak ve dokusunu vurgulayacakt\u0131r.<\/p>\n<p>\u0130\u00e7eri\u011finde bulunan toz ve zararl\u0131 UV \u0131\u015f\u0131nlar\u0131na kar\u015f\u0131 koruma sa\u011flayan bile\u015fenler sayesinde g\u00f6sterge paneli hem temiz kalacak hem de erken ya\u015flanmaya kar\u015f\u0131 korunacak.<\/p>\n<p>K2 Polo Koruyucu kullanman\u0131n en b\u00fcy\u00fck avantaj\u0131 ise \u00e7al\u0131\u015f\u0131rken size e\u015flik edecek kokudur. \u00dcr\u00fcn\u00fc kulland\u0131ktan sonra bile arac\u0131n\u0131zda uzun s\u00fcre ho\u015f koku kompozisyonlar\u0131 kal\u0131yor ve arac\u0131n\u0131z\u0131n i\u00e7i ferahl\u0131k ve temizlikle doluyor.<\/p>\n<p>K2 Polo Koruyucu, h\u0131zl\u0131 bir \u015fekilde uygulan\u0131r ve y\u00fczeye sorunsuz bir \u015fekilde uygulan\u0131r. Hi\u00e7bir iz veya leke b\u0131rakmaz, bu sayede g\u00f6sterge panelinizin bak\u0131m\u0131n\u0131 kolay ve keyifli hale getirir. Modern otomobillerde kullan\u0131lan her t\u00fcrl\u00fc malzemede kullan\u0131labilir.<\/p>\n<p>\u00dcr\u00fcn\u00fcn y\u00fcksek etkinli\u011fi, K2 Polo Protectant&#8217;\u0131n arac\u0131n\u0131z\u0131n i\u00e7 mekan\u0131na uzun s\u00fcre bak\u0131m yapman\u0131za destek olaca\u011f\u0131n\u0131n garantisini verir.<\/p>\n","protected":false},"excerpt":{"rendered":"<p>K2 POLO Protectant Yenilik\u00e7i K2 Polo Protectant ile harika g\u00f6r\u00fcn\u00fcml\u00fc bir g\u00f6sterge panelinin s\u0131rr\u0131n\u0131 ke\u015ffedin. Yeni nesil otomobillerdeki hem mat hem de yar\u0131 mat y\u00fczeylerin gereksinimlerini kar\u015f\u0131layacak \u015fekilde \u00f6zel olarak geli\u015ftirilen form\u00fcl , onlara kapsaml\u0131 koruma ve bak\u0131m sa\u011fl\u0131yor. K2 Polo Protectant, arac\u0131n\u0131z\u0131n g\u00f6sterge panelinden di\u011fer plastik aksamlar\u0131na kadar her \u015feyi m\u00fckemmel \u015fekilde temiz tutar. [&hellip;]<\/p>\n","protected":false},"featured_media":7508,"comment_status":"open","ping_status":"closed","template":"","meta":[],"product_cat":[422,260,15],"product_tag":[],"class_list":{"0":"post-7507","1":"product","2":"type-product","3":"status-publish","4":"has-post-thumbnail","6":"product_brand-k2-pro","7":"product_cat-koruyucular","8":"product_cat-plastik-ve-vinil","9":"product_cat-tum-urunler","11":"first","12":"outofstock","13":"taxable","14":"shipping-taxable","15":"purchasable","16":"product-type-simple"},"_links":{"self":[{"href":"https:\/\/detaycilar.com\/index.php\/wp-json\/wp\/v2\/product\/7507","targetHints":{"allow":["GET"]}}],"collection":[{"href":"https:\/\/detaycilar.com\/index.php\/wp-json\/wp\/v2\/product"}],"about":[{"href":"https:\/\/detaycilar.com\/index.php\/wp-json\/wp\/v2\/types\/product"}],"replies":[{"embeddable":true,"href":"https:\/\/detaycilar.com\/index.php\/wp-json\/wp\/v2\/comments?post=7507"}],"version-history":[{"count":1,"href":"https:\/\/detaycilar.com\/index.php\/wp-json\/wp\/v2\/product\/7507\/revisions"}],"predecessor-version":[{"id":9012,"href":"https:\/\/detaycilar.com\/index.php\/wp-json\/wp\/v2\/product\/7507\/revisions\/9012"}],"wp:featuredmedia":[{"embeddable":true,"href":"https:\/\/detaycilar.com\/index.php\/wp-json\/wp\/v2\/media\/7508"}],"wp:attachment":[{"href":"https:\/\/detaycilar.com\/index.php\/wp-json\/wp\/v2\/media?parent=7507"}],"wp:term":[{"taxonomy":"product_cat","embeddable":true,"href":"https:\/\/detaycilar.com\/index.php\/wp-json\/wp\/v2\/product_cat?post=7507"},{"taxonomy":"product_tag","embeddable":true,"href":"https:\/\/detaycilar.com\/index.php\/wp-json\/wp\/v2\/product_tag?post=7507"}],"curies":[{"name":"wp","href":"https:\/\/api.w.org\/{rel}","templated":true}]}}