{"id":15805,"date":"2026-05-02T14:09:44","date_gmt":"2026-05-02T11:09:44","guid":{"rendered":"https:\/\/detaycilar.com\/?post_type=product&#038;p=15805"},"modified":"2026-05-02T14:19:30","modified_gmt":"2026-05-02T11:19:30","slug":"k2-bela-neon-1l","status":"publish","type":"product","link":"https:\/\/detaycilar.com\/index.php\/urun\/k2-bela-neon-1l\/","title":{"rendered":"K2 BELA NEON PRO 1L Pembe \u00c7ilek Kokulu Konsantre Oto Y\u0131kama K\u00f6p\u00fc\u011f\u00fc"},"content":{"rendered":"<h1>K2 BELA NEON PRO<\/h1>\n<p data-start=\"873\" data-end=\"1164\"><strong data-start=\"873\" data-end=\"893\">K2 Bela Neon Pro<\/strong>, ara\u00e7 y\u0131kama deneyimini klasik bir temizlik i\u015fleminden \u00e7\u0131kar\u0131p daha keyifli ve dikkat \u00e7ekici bir hale getiren, pembe renkli aktif k\u00f6p\u00fck \u015fampuand\u0131r. Yo\u011fun pembe aktif k\u00f6p\u00fck yap\u0131s\u0131 arac\u0131 sararak etkileyici bir g\u00f6rsel g\u00f6r\u00fcn\u00fcm sunar; \u00e7ilek kokulu form\u00fcl\u00fcyle y\u0131kama deneyimini daha keyifli hale getirir.<\/p>\n<p data-start=\"1166\" data-end=\"1481\">Profesyonel kullan\u0131ma uygun y\u00fcksek konsantre form\u00fcl\u00fc sayesinde k\u00f6p\u00fck yo\u011funlu\u011fu, temizlik g\u00fcc\u00fc, renk etkisi ve koku seviyesi kullan\u0131m oran\u0131na g\u00f6re ayarlanabilir. \u00c7ilek kokusu, y\u0131kama i\u015flemini daha keyifli hale getirirken; aktif k\u00f6p\u00fck form\u00fcl\u00fc y\u00fczeydeki kir, yol filmi ve hafif kal\u0131nt\u0131lar\u0131n yumu\u015famas\u0131na yard\u0131mc\u0131 olur.<\/p>\n<p data-start=\"1483\" data-end=\"1741\">K2 Bela Neon Pro, \u00f6zellikle <strong data-start=\"1511\" data-end=\"1535\">\u00f6n y\u0131kama a\u015famas\u0131nda<\/strong> kullan\u0131ld\u0131\u011f\u0131nda y\u00fczeydeki kirleri gev\u015feterek sonraki temasl\u0131 y\u0131kamada \u00e7izik riskini azaltmaya destek olur. pH n\u00f6tr yap\u0131s\u0131 sayesinde seramik kaplama, wax, krom ve al\u00fcminyum gibi hassas y\u00fczeylerle uyumludur.<\/p>\n<p data-start=\"1743\" data-end=\"1926\">Ara\u00e7 boyas\u0131, plastik par\u00e7alar ve cam y\u00fczeylerde kullan\u0131labilir. Hem bireysel kullan\u0131c\u0131lar hem de oto y\u0131kama i\u015fletmeleri i\u00e7in dikkat \u00e7ekici, kokulu ve etkili bir aktif k\u00f6p\u00fck \u00e7\u00f6z\u00fcm\u00fcd\u00fcr.<\/p>\n<p data-start=\"1743\" data-end=\"1926\"><a href=\"https:\/\/detaycilar.com\/wp-content\/uploads\/2026\/05\/K2-Bela-Neon-Banner-1.jpg\"><img decoding=\"async\" class=\"alignnone wp-image-15807\" src=\"https:\/\/detaycilar.com\/wp-content\/uploads\/2026\/05\/K2-Bela-Neon-Banner-1-300x111.jpg\" alt=\"\" width=\"365\" height=\"135\" srcset=\"https:\/\/detaycilar.com\/wp-content\/uploads\/2026\/05\/K2-Bela-Neon-Banner-1-300x111.jpg 300w, https:\/\/detaycilar.com\/wp-content\/uploads\/2026\/05\/K2-Bela-Neon-Banner-1-600x221.jpg 600w, https:\/\/detaycilar.com\/wp-content\/uploads\/2026\/05\/K2-Bela-Neon-Banner-1.jpg 760w\" sizes=\"(max-width: 365px) 100vw, 365px\" \/><\/a><\/p>\n<h2 data-section-id=\"1q47tne\" data-start=\"1928\" data-end=\"1951\">K2 BELA NEON PRO \u00d6ne \u00c7\u0131kan \u00d6zellikler<\/h2>\n<ul data-start=\"1953\" data-end=\"2327\">\n<li data-section-id=\"hpleyu\" data-start=\"1953\" data-end=\"1984\"><strong data-start=\"1955\" data-end=\"1984\">Pembe aktif k\u00f6p\u00fck form\u00fcl\u00fc<\/strong><\/li>\n<li data-section-id=\"im1z07\" data-start=\"1985\" data-end=\"2019\"><strong data-start=\"1987\" data-end=\"2019\">\u00c7ilek kokulu y\u0131kama deneyimi<\/strong><\/li>\n<li data-section-id=\"1pb4tbr\" data-start=\"2020\" data-end=\"2047\"><strong data-start=\"2022\" data-end=\"2047\">Y\u00fcksek konsantre yap\u0131<\/strong><\/li>\n<li data-section-id=\"5boe14\" data-start=\"2048\" data-end=\"2068\"><strong data-start=\"2050\" data-end=\"2068\">pH n\u00f6tr form\u00fcl<\/strong><\/li>\n<li data-section-id=\"132cp99\" data-start=\"2069\" data-end=\"2103\"><strong data-start=\"2071\" data-end=\"2103\">Seramik kaplama ve wax dostu<\/strong><\/li>\n<li data-section-id=\"1ju336n\" data-start=\"2104\" data-end=\"2139\"><strong data-start=\"2106\" data-end=\"2139\">\u00d6n y\u0131kama i\u00e7in ideal kullan\u0131m<\/strong><\/li>\n<li data-section-id=\"1fqq82b\" data-start=\"2140\" data-end=\"2206\"><strong data-start=\"2142\" data-end=\"2206\">Manuel k\u00f6p\u00fck pompas\u0131 ve bas\u0131n\u00e7l\u0131 k\u00f6p\u00fck ekipmanlar\u0131yla uyumlu<\/strong><\/li>\n<li data-section-id=\"ie5oyl\" data-start=\"2207\" data-end=\"2259\"><strong data-start=\"2209\" data-end=\"2259\">Boya, plastik ve cam y\u00fczeylerde kullan\u0131labilir<\/strong><\/li>\n<li data-section-id=\"aclzhm\" data-start=\"2260\" data-end=\"2327\"><strong data-start=\"2262\" data-end=\"2327\">Oto y\u0131kama i\u015fletmeleri i\u00e7in dikkat \u00e7ekici renk ve koku etkisi<\/strong><\/li>\n<\/ul>\n<h2 style=\"font-family: Georgia, 'Times New Roman', 'Bitstream Charter', Times, serif; margin: 2.29068em 0px 0.540791em; color: #333333;\" data-section-id=\"dehkys\" data-start=\"2329\" data-end=\"2349\"><a href=\"https:\/\/detaycilar.com\/wp-content\/uploads\/2026\/05\/K2-Bela-Neon-Banner2.png\"><img fetchpriority=\"high\" decoding=\"async\" class=\"alignnone wp-image-15808\" src=\"https:\/\/detaycilar.com\/wp-content\/uploads\/2026\/05\/K2-Bela-Neon-Banner2-300x110.png\" alt=\"\" width=\"420\" height=\"154\" srcset=\"https:\/\/detaycilar.com\/wp-content\/uploads\/2026\/05\/K2-Bela-Neon-Banner2-300x110.png 300w, https:\/\/detaycilar.com\/wp-content\/uploads\/2026\/05\/K2-Bela-Neon-Banner2-1024x377.png 1024w, https:\/\/detaycilar.com\/wp-content\/uploads\/2026\/05\/K2-Bela-Neon-Banner2-768x283.png 768w, https:\/\/detaycilar.com\/wp-content\/uploads\/2026\/05\/K2-Bela-Neon-Banner2-1536x566.png 1536w, https:\/\/detaycilar.com\/wp-content\/uploads\/2026\/05\/K2-Bela-Neon-Banner2-2048x754.png 2048w, https:\/\/detaycilar.com\/wp-content\/uploads\/2026\/05\/K2-Bela-Neon-Banner2-600x221.png 600w, https:\/\/detaycilar.com\/wp-content\/uploads\/2026\/05\/K2-Bela-Neon-Banner2-850x313.png 850w\" sizes=\"(max-width: 420px) 100vw, 420px\" \/><\/a><\/h2>\n<h2 data-section-id=\"dehkys\" data-start=\"2329\" data-end=\"2349\">Kullan\u0131mAlanlar\u0131<\/h2>\n<p data-start=\"2351\" data-end=\"2421\"><strong data-start=\"2351\" data-end=\"2367\">Elde Y\u0131kama:<\/strong><br data-start=\"2367\" data-end=\"2370\" \/>1:50 \u2013 1:100 oran\u0131nda seyreltilerek kullan\u0131labilir.<\/p>\n<p data-start=\"2423\" data-end=\"2508\"><strong data-start=\"2423\" data-end=\"2456\">K\u00f6p\u00fck Tabancas\u0131 \/ Foam Lance:<\/strong><br data-start=\"2456\" data-end=\"2459\" \/>1:10 \u2013 1:20 oran\u0131nda seyreltilerek uygulanabilir.<\/p>\n<p data-start=\"2510\" data-end=\"2597\"><strong data-start=\"2510\" data-end=\"2536\">Oto Y\u0131kama Sistemleri:<\/strong><br data-start=\"2536\" data-end=\"2539\" \/>Dozaj sistemine g\u00f6re uygun konsantrasyonda kullan\u0131labilir.<\/p>\n<h2 data-section-id=\"8i213l\" data-start=\"2599\" data-end=\"2619\">Kullan\u0131m Talimat\u0131<\/h2>\n<p data-start=\"2621\" data-end=\"2885\">\u00dcr\u00fcn\u00fc uygun oranda seyrelttikten sonra kuru ve so\u011fuk y\u00fczeye uygulay\u0131n. Direkt g\u00fcne\u015f alt\u0131nda kullanmay\u0131n. K\u00f6p\u00fc\u011f\u00fcn y\u00fczeyde 3\u20135 dakika kadar beklemesine izin verin, ancak \u00fcr\u00fcn\u00fcn y\u00fczeyde kurumas\u0131na izin vermeyin. Ard\u0131ndan y\u00fcksek bas\u0131n\u00e7l\u0131 su ile y\u00fczeyi iyice durulay\u0131n.<\/p>\n","protected":false},"excerpt":{"rendered":"<p><strong data-start=\"544\" data-end=\"567\">K2 Bela Neon Pro 1L<\/strong>, \u00e7ilek kokulu, pembe renkli ve y\u00fcksek konsantre aktif k\u00f6p\u00fck form\u00fcl\u00fcyle ara\u00e7 \u00f6n y\u0131kama i\u015flemlerini hem etkili hem de g\u00f6rsel olarak dikkat \u00e7ekici hale getirir. Yo\u011fun k\u00f6p\u00fck yap\u0131s\u0131 kirleri yumu\u015fat\u0131r, y\u00fczeyden ay\u0131r\u0131r ve temasl\u0131 y\u0131kama \u00f6ncesinde \u00e7izik riskini azaltmaya yard\u0131mc\u0131 olur.<\/p>\n","protected":false},"featured_media":15810,"comment_status":"open","ping_status":"closed","template":"","meta":[],"product_cat":[15,351,157,342,154,285],"product_tag":[484,483,487,489,481,492,491,488,485,482,486,490],"class_list":{"0":"post-15805","1":"product","2":"type-product","3":"status-publish","4":"has-post-thumbnail","6":"product_brand-k2-pro","7":"product_cat-tum-urunler","8":"product_cat-konsantre-sampuanlar","9":"product_cat-kopukfoam-lancer-sampuanlari","10":"product_cat-ph-notr-sampuanlar","11":"product_cat-sampuanlar","12":"product_cat-yeni-urunler","13":"product_tag-aktif-kopuk","14":"product_tag-cilek-kokulu-oto-sampuani","15":"product_tag-foam-lance-kopuk","16":"product_tag-k2-aktif-kopuk","17":"product_tag-k2-bela-neon-pro-1l","18":"product_tag-k2-pro-turkiye","19":"product_tag-k2-turkiye","20":"product_tag-konsantre-arac-yikama-kopugu","21":"product_tag-oto-yikama-kopugu","22":"product_tag-pembe-aktif-kopuk","23":"product_tag-ph-notr-aktif-kopuk","24":"product_tag-seramik-kaplama-guvenli-sampuan","26":"first","27":"instock","28":"taxable","29":"shipping-taxable","30":"purchasable","31":"product-type-simple"},"_links":{"self":[{"href":"https:\/\/detaycilar.com\/index.php\/wp-json\/wp\/v2\/product\/15805","targetHints":{"allow":["GET"]}}],"collection":[{"href":"https:\/\/detaycilar.com\/index.php\/wp-json\/wp\/v2\/product"}],"about":[{"href":"https:\/\/detaycilar.com\/index.php\/wp-json\/wp\/v2\/types\/product"}],"replies":[{"embeddable":true,"href":"https:\/\/detaycilar.com\/index.php\/wp-json\/wp\/v2\/comments?post=15805"}],"version-history":[{"count":3,"href":"https:\/\/detaycilar.com\/index.php\/wp-json\/wp\/v2\/product\/15805\/revisions"}],"predecessor-version":[{"id":15811,"href":"https:\/\/detaycilar.com\/index.php\/wp-json\/wp\/v2\/product\/15805\/revisions\/15811"}],"wp:featuredmedia":[{"embeddable":true,"href":"https:\/\/detaycilar.com\/index.php\/wp-json\/wp\/v2\/media\/15810"}],"wp:attachment":[{"href":"https:\/\/detaycilar.com\/index.php\/wp-json\/wp\/v2\/media?parent=15805"}],"wp:term":[{"taxonomy":"product_cat","embeddable":true,"href":"https:\/\/detaycilar.com\/index.php\/wp-json\/wp\/v2\/product_cat?post=15805"},{"taxonomy":"product_tag","embeddable":true,"href":"https:\/\/detaycilar.com\/index.php\/wp-json\/wp\/v2\/product_tag?post=15805"}],"curies":[{"name":"wp","href":"https:\/\/api.w.org\/{rel}","templated":true}]}}