{"id":12,"date":"2025-05-03T18:22:52","date_gmt":"2025-05-03T18:22:52","guid":{"rendered":"https:\/\/detaycilar.com\/index.php\/cart\/"},"modified":"2026-01-20T18:12:13","modified_gmt":"2026-01-20T18:12:13","slug":"cart","status":"publish","type":"page","link":"https:\/\/detaycilar.com\/index.php\/cart\/","title":{"rendered":"Cart"},"content":{"rendered":"\n<div data-block-name=\"woocommerce\/cart\" class=\"wp-block-woocommerce-cart alignwide is-loading\">\n<div data-block-name=\"woocommerce\/filled-cart-block\" class=\"wp-block-woocommerce-filled-cart-block\">\n<div data-block-name=\"woocommerce\/cart-items-block\" class=\"wp-block-woocommerce-cart-items-block\">\n<div data-block-name=\"woocommerce\/cart-line-items-block\" class=\"wp-block-woocommerce-cart-line-items-block\"><\/div>\n\n\n\n<div data-block-name=\"woocommerce\/cart-cross-sells-block\" class=\"wp-block-woocommerce-cart-cross-sells-block\">\n<h2 class=\"wp-block-heading has-large-font-size\">You may be interested in\u2026<\/h2>\n\n\n\n<div data-block-name=\"woocommerce\/cart-cross-sells-products-block\" class=\"wp-block-woocommerce-cart-cross-sells-products-block\"><\/div>\n<\/div>\n<\/div>\n\n\n\n<div data-block-name=\"woocommerce\/cart-totals-block\" class=\"wp-block-woocommerce-cart-totals-block\">\n<div data-block-name=\"woocommerce\/cart-order-summary-block\" class=\"wp-block-woocommerce-cart-order-summary-block\">\n<div data-block-name=\"woocommerce\/cart-order-summary-heading-block\" class=\"wp-block-woocommerce-cart-order-summary-heading-block\"><\/div><div data-block-name=\"woocommerce\/cart-order-summary-coupon-form-block\" class=\"wp-block-woocommerce-cart-order-summary-coupon-form-block\"><\/div><div data-block-name=\"woocommerce\/cart-order-summary-totals-block\" class=\"wp-block-woocommerce-cart-order-summary-totals-block\">\n<div data-block-name=\"woocommerce\/cart-order-summary-subtotal-block\" class=\"wp-block-woocommerce-cart-order-summary-subtotal-block\"><\/div>\n<div data-block-name=\"woocommerce\/cart-order-summary-discount-block\" class=\"wp-block-woocommerce-cart-order-summary-discount-block\"><\/div>\n<div data-block-name=\"woocommerce\/cart-order-summary-fee-block\" class=\"wp-block-woocommerce-cart-order-summary-fee-block\"><\/div>\n<div data-block-name=\"woocommerce\/cart-order-summary-shipping-block\" class=\"wp-block-woocommerce-cart-order-summary-shipping-block\"><\/div>\n<div data-block-name=\"woocommerce\/cart-order-summary-taxes-block\" class=\"wp-block-woocommerce-cart-order-summary-taxes-block\"><\/div><\/div>\n<\/div>\n\n\n\n<div data-block-name=\"woocommerce\/cart-express-payment-block\" class=\"wp-block-woocommerce-cart-express-payment-block\"><\/div>\n\n\n\n<div data-block-name=\"woocommerce\/proceed-to-checkout-block\" class=\"wp-block-woocommerce-proceed-to-checkout-block\"><\/div>\n\n\n\n<div data-block-name=\"woocommerce\/cart-accepted-payment-methods-block\" class=\"wp-block-woocommerce-cart-accepted-payment-methods-block\"><\/div>\n<\/div>\n<\/div>\n\n\n\n<div data-block-name=\"woocommerce\/empty-cart-block\" class=\"wp-block-woocommerce-empty-cart-block\">\n<h2 class=\"wp-block-heading has-text-align-center with-empty-cart-icon wc-block-cart__empty-cart__title\">Your cart is currently empty!<\/h2>\n\n\n\n<hr class=\"wp-block-separator has-alpha-channel-opacity is-style-dots\"\/>\n\n\n\n<h2 class=\"wp-block-heading has-text-align-center\">New in store<\/h2>\n\n\n<div data-block-name=\"woocommerce\/product-new\" data-columns=\"4\" data-rows=\"1\" class=\"wc-block-grid wp-block-product-new wp-block-woocommerce-product-new wc-block-product-new has-4-columns\"><ul class=\"wc-block-grid__products\"><li class=\"wc-block-grid__product\">\n\t\t\t\t<a href=\"https:\/\/detaycilar.com\/index.php\/urun\/k2-flato-pro-detay-fircasi\/\" class=\"wc-block-grid__product-link\">\n\t\t\t\t\t\n\t\t\t\t\t<div class=\"wc-block-grid__product-image\"><img fetchpriority=\"high\" decoding=\"async\" width=\"600\" height=\"600\" src=\"https:\/\/detaycilar.com\/wp-content\/uploads\/2026\/05\/K2-FLATO-PRO-600x600.png\" class=\"attachment-woocommerce_thumbnail size-woocommerce_thumbnail\" alt=\"K2 Flato Pro Detay F\u0131r\u00e7as\u0131\" srcset=\"https:\/\/detaycilar.com\/wp-content\/uploads\/2026\/05\/K2-FLATO-PRO-600x600.png 600w, https:\/\/detaycilar.com\/wp-content\/uploads\/2026\/05\/K2-FLATO-PRO-300x300.png 300w, https:\/\/detaycilar.com\/wp-content\/uploads\/2026\/05\/K2-FLATO-PRO-150x150.png 150w, https:\/\/detaycilar.com\/wp-content\/uploads\/2026\/05\/K2-FLATO-PRO-768x768.png 768w, https:\/\/detaycilar.com\/wp-content\/uploads\/2026\/05\/K2-FLATO-PRO-100x100.png 100w, https:\/\/detaycilar.com\/wp-content\/uploads\/2026\/05\/K2-FLATO-PRO-50x50.png 50w, https:\/\/detaycilar.com\/wp-content\/uploads\/2026\/05\/K2-FLATO-PRO-96x96.png 96w, https:\/\/detaycilar.com\/wp-content\/uploads\/2026\/05\/K2-FLATO-PRO-460x460.png 460w, https:\/\/detaycilar.com\/wp-content\/uploads\/2026\/05\/K2-FLATO-PRO.png 822w\" sizes=\"(max-width: 600px) 100vw, 600px\" \/><\/div>\n\t\t\t\t\t<div class=\"wc-block-grid__product-title\">K2 Flato Pro Detay F\u0131r\u00e7as\u0131<\/div>\n\t\t\t\t<\/a>\n\t\t\t\t<div class=\"wc-block-grid__product-price price\"><span class=\"woocommerce-Price-amount amount\"><span class=\"woocommerce-Price-currencySymbol\">&#8378;<\/span>250,00<\/span><\/div>\n\t\t\t\t\n\t\t\t\t<div class=\"wp-block-button wc-block-grid__product-add-to-cart\"><a href=\"\/index.php\/wp-json\/wp\/v2\/pages\/12?add-to-cart=15821\" aria-label=\"Sepete ekle: \u201cK2 Flato Pro Detay F\u0131r\u00e7as\u0131\u201d\" data-quantity=\"1\" data-product_id=\"15821\" data-product_sku=\"\" data-price=\"250\" rel=\"nofollow\" class=\"wp-block-button__link  add_to_cart_button ajax_add_to_cart\">Sepete Ekle<\/a><\/div>\n\t\t\t<\/li><li class=\"wc-block-grid__product\">\n\t\t\t\t<a href=\"https:\/\/detaycilar.com\/index.php\/urun\/k2-bela-neon-1l\/\" class=\"wc-block-grid__product-link\">\n\t\t\t\t\t\n\t\t\t\t\t<div class=\"wc-block-grid__product-image\"><img decoding=\"async\" width=\"600\" height=\"600\" src=\"https:\/\/detaycilar.com\/wp-content\/uploads\/2026\/05\/K2-BELA-NEON-PRO-1L-600x600.png\" class=\"attachment-woocommerce_thumbnail size-woocommerce_thumbnail\" alt=\"K2 BELA NEON PRO 1L Pembe \u00c7ilek Kokulu Konsantre Oto Y\u0131kama K\u00f6p\u00fc\u011f\u00fc\" srcset=\"https:\/\/detaycilar.com\/wp-content\/uploads\/2026\/05\/K2-BELA-NEON-PRO-1L-600x600.png 600w, https:\/\/detaycilar.com\/wp-content\/uploads\/2026\/05\/K2-BELA-NEON-PRO-1L-300x300.png 300w, https:\/\/detaycilar.com\/wp-content\/uploads\/2026\/05\/K2-BELA-NEON-PRO-1L-1024x1024.png 1024w, https:\/\/detaycilar.com\/wp-content\/uploads\/2026\/05\/K2-BELA-NEON-PRO-1L-150x150.png 150w, https:\/\/detaycilar.com\/wp-content\/uploads\/2026\/05\/K2-BELA-NEON-PRO-1L-768x768.png 768w, https:\/\/detaycilar.com\/wp-content\/uploads\/2026\/05\/K2-BELA-NEON-PRO-1L-850x850.png 850w, https:\/\/detaycilar.com\/wp-content\/uploads\/2026\/05\/K2-BELA-NEON-PRO-1L-100x100.png 100w, https:\/\/detaycilar.com\/wp-content\/uploads\/2026\/05\/K2-BELA-NEON-PRO-1L-50x50.png 50w, https:\/\/detaycilar.com\/wp-content\/uploads\/2026\/05\/K2-BELA-NEON-PRO-1L-96x96.png 96w, https:\/\/detaycilar.com\/wp-content\/uploads\/2026\/05\/K2-BELA-NEON-PRO-1L-460x460.png 460w, https:\/\/detaycilar.com\/wp-content\/uploads\/2026\/05\/K2-BELA-NEON-PRO-1L.png 1080w\" sizes=\"(max-width: 600px) 100vw, 600px\" \/><\/div>\n\t\t\t\t\t<div class=\"wc-block-grid__product-title\">K2 BELA NEON PRO 1L Pembe \u00c7ilek Kokulu Konsantre Oto Y\u0131kama K\u00f6p\u00fc\u011f\u00fc<\/div>\n\t\t\t\t<\/a>\n\t\t\t\t<div class=\"wc-block-grid__product-price price\"><span class=\"woocommerce-Price-amount amount\"><span class=\"woocommerce-Price-currencySymbol\">&#8378;<\/span>530,00<\/span><\/div>\n\t\t\t\t\n\t\t\t\t<div class=\"wp-block-button wc-block-grid__product-add-to-cart\"><a href=\"\/index.php\/wp-json\/wp\/v2\/pages\/12?add-to-cart=15805\" aria-label=\"Sepete ekle: \u201cK2 BELA NEON PRO 1L Pembe \u00c7ilek Kokulu Konsantre Oto Y\u0131kama K\u00f6p\u00fc\u011f\u00fc\u201d\" data-quantity=\"1\" data-product_id=\"15805\" data-product_sku=\"\" data-price=\"530\" rel=\"nofollow\" class=\"wp-block-button__link  add_to_cart_button ajax_add_to_cart\">Sepete Ekle<\/a><\/div>\n\t\t\t<\/li><li class=\"wc-block-grid__product\">\n\t\t\t\t<a href=\"https:\/\/detaycilar.com\/index.php\/urun\/liquid-elements-pearl-rain-cherry-tec-1l\/\" class=\"wc-block-grid__product-link\">\n\t\t\t\t\t\n\t\t\t\t\t<div class=\"wc-block-grid__product-image\"><img decoding=\"async\" width=\"600\" height=\"600\" src=\"https:\/\/detaycilar.com\/wp-content\/uploads\/2026\/04\/Liquid-Elements-Pearl-Rain-Cherry-Tec-600x600.png\" class=\"attachment-woocommerce_thumbnail size-woocommerce_thumbnail\" alt=\"Liquid Elements Pearl Rain Cherry Tec 1L Ph N\u00f6tr \u015eampuan 1:200\" srcset=\"https:\/\/detaycilar.com\/wp-content\/uploads\/2026\/04\/Liquid-Elements-Pearl-Rain-Cherry-Tec-600x600.png 600w, https:\/\/detaycilar.com\/wp-content\/uploads\/2026\/04\/Liquid-Elements-Pearl-Rain-Cherry-Tec-300x300.png 300w, https:\/\/detaycilar.com\/wp-content\/uploads\/2026\/04\/Liquid-Elements-Pearl-Rain-Cherry-Tec-1024x1024.png 1024w, https:\/\/detaycilar.com\/wp-content\/uploads\/2026\/04\/Liquid-Elements-Pearl-Rain-Cherry-Tec-150x150.png 150w, https:\/\/detaycilar.com\/wp-content\/uploads\/2026\/04\/Liquid-Elements-Pearl-Rain-Cherry-Tec-768x768.png 768w, https:\/\/detaycilar.com\/wp-content\/uploads\/2026\/04\/Liquid-Elements-Pearl-Rain-Cherry-Tec-850x850.png 850w, https:\/\/detaycilar.com\/wp-content\/uploads\/2026\/04\/Liquid-Elements-Pearl-Rain-Cherry-Tec-100x100.png 100w, https:\/\/detaycilar.com\/wp-content\/uploads\/2026\/04\/Liquid-Elements-Pearl-Rain-Cherry-Tec-50x50.png 50w, https:\/\/detaycilar.com\/wp-content\/uploads\/2026\/04\/Liquid-Elements-Pearl-Rain-Cherry-Tec-96x96.png 96w, https:\/\/detaycilar.com\/wp-content\/uploads\/2026\/04\/Liquid-Elements-Pearl-Rain-Cherry-Tec-460x460.png 460w, https:\/\/detaycilar.com\/wp-content\/uploads\/2026\/04\/Liquid-Elements-Pearl-Rain-Cherry-Tec.png 1080w\" sizes=\"(max-width: 600px) 100vw, 600px\" \/><\/div>\n\t\t\t\t\t<div class=\"wc-block-grid__product-title\">Liquid Elements Pearl Rain Cherry Tec 1L Ph N\u00f6tr \u015eampuan 1:200<\/div>\n\t\t\t\t<\/a>\n\t\t\t\t<div class=\"wc-block-grid__product-price price\"><span class=\"woocommerce-Price-amount amount\"><span class=\"woocommerce-Price-currencySymbol\">&#8378;<\/span>700,00<\/span><\/div>\n\t\t\t\t\n\t\t\t\t<div class=\"wp-block-button wc-block-grid__product-add-to-cart\"><a href=\"\/index.php\/wp-json\/wp\/v2\/pages\/12?add-to-cart=10434\" aria-label=\"Sepete ekle: \u201cLiquid Elements Pearl Rain Cherry Tec 1L Ph N\u00f6tr \u015eampuan 1:200\u201d\" data-quantity=\"1\" data-product_id=\"10434\" data-product_sku=\"\" data-price=\"700\" rel=\"nofollow\" class=\"wp-block-button__link  add_to_cart_button ajax_add_to_cart\">Sepete Ekle<\/a><\/div>\n\t\t\t<\/li><li class=\"wc-block-grid__product\">\n\t\t\t\t<a href=\"https:\/\/detaycilar.com\/index.php\/urun\/liquid-elements-yikama-seti-pearl-rainone4all-1l\/\" class=\"wc-block-grid__product-link\">\n\t\t\t\t\t<div class=\"wc-block-grid__product-onsale\">\n\t\t\t<span aria-hidden=\"true\">\u0130ndirim<\/span>\n\t\t\t<span class=\"screen-reader-text\">\u0130ndirimdeki \u00fcr\u00fcn<\/span>\n\t\t<\/div>\n\t\t\t\t\t<div class=\"wc-block-grid__product-image\"><img loading=\"lazy\" decoding=\"async\" width=\"600\" height=\"600\" src=\"https:\/\/detaycilar.com\/wp-content\/uploads\/2026\/04\/Liquid-Elements-Yikama-Seti-1-600x600.png\" class=\"attachment-woocommerce_thumbnail size-woocommerce_thumbnail\" alt=\"Liquid Elements Y\u0131kama Seti (Pearl Rain+One4all) 1L\" srcset=\"https:\/\/detaycilar.com\/wp-content\/uploads\/2026\/04\/Liquid-Elements-Yikama-Seti-1-600x600.png 600w, https:\/\/detaycilar.com\/wp-content\/uploads\/2026\/04\/Liquid-Elements-Yikama-Seti-1-300x300.png 300w, https:\/\/detaycilar.com\/wp-content\/uploads\/2026\/04\/Liquid-Elements-Yikama-Seti-1-1024x1024.png 1024w, https:\/\/detaycilar.com\/wp-content\/uploads\/2026\/04\/Liquid-Elements-Yikama-Seti-1-150x150.png 150w, https:\/\/detaycilar.com\/wp-content\/uploads\/2026\/04\/Liquid-Elements-Yikama-Seti-1-768x768.png 768w, https:\/\/detaycilar.com\/wp-content\/uploads\/2026\/04\/Liquid-Elements-Yikama-Seti-1-850x850.png 850w, https:\/\/detaycilar.com\/wp-content\/uploads\/2026\/04\/Liquid-Elements-Yikama-Seti-1-100x100.png 100w, https:\/\/detaycilar.com\/wp-content\/uploads\/2026\/04\/Liquid-Elements-Yikama-Seti-1-50x50.png 50w, https:\/\/detaycilar.com\/wp-content\/uploads\/2026\/04\/Liquid-Elements-Yikama-Seti-1-96x96.png 96w, https:\/\/detaycilar.com\/wp-content\/uploads\/2026\/04\/Liquid-Elements-Yikama-Seti-1-460x460.png 460w, https:\/\/detaycilar.com\/wp-content\/uploads\/2026\/04\/Liquid-Elements-Yikama-Seti-1.png 1080w\" sizes=\"(max-width: 600px) 100vw, 600px\" \/><\/div>\n\t\t\t\t\t<div class=\"wc-block-grid__product-title\">Liquid Elements Y\u0131kama Seti (Pearl Rain+One4all) 1L<\/div>\n\t\t\t\t<\/a>\n\t\t\t\t<div class=\"wc-block-grid__product-price price\"><del aria-hidden=\"true\"><span class=\"woocommerce-Price-amount amount\"><span class=\"woocommerce-Price-currencySymbol\">&#8378;<\/span>1.400,00<\/span><\/del> <span class=\"screen-reader-text\">Orijinal fiyat: &#8378;1.400,00.<\/span><ins aria-hidden=\"true\"><span class=\"woocommerce-Price-amount amount\"><span class=\"woocommerce-Price-currencySymbol\">&#8378;<\/span>1.300,00<\/span><\/ins><span class=\"screen-reader-text\">\u015eu andaki fiyat: &#8378;1.300,00.<\/span><\/div>\n\t\t\t\t\n\t\t\t\t<div class=\"wp-block-button wc-block-grid__product-add-to-cart\"><a href=\"\/index.php\/wp-json\/wp\/v2\/pages\/12?add-to-cart=10426\" aria-label=\"Sepete ekle: \u201cLiquid Elements Y\u0131kama Seti (Pearl Rain+One4all) 1L\u201d\" data-quantity=\"1\" data-product_id=\"10426\" data-product_sku=\"\" data-price=\"1300\" rel=\"nofollow\" class=\"wp-block-button__link  add_to_cart_button ajax_add_to_cart\">Sepete Ekle<\/a><\/div>\n\t\t\t<\/li><\/ul><\/div><\/div>\n<\/div>\n","protected":false},"excerpt":{"rendered":"","protected":false},"author":1,"featured_media":0,"parent":0,"menu_order":0,"comment_status":"closed","ping_status":"closed","template":"","meta":{"footnotes":""},"class_list":["post-12","page","type-page","status-publish","hentry"],"_links":{"self":[{"href":"https:\/\/detaycilar.com\/index.php\/wp-json\/wp\/v2\/pages\/12","targetHints":{"allow":["GET"]}}],"collection":[{"href":"https:\/\/detaycilar.com\/index.php\/wp-json\/wp\/v2\/pages"}],"about":[{"href":"https:\/\/detaycilar.com\/index.php\/wp-json\/wp\/v2\/types\/page"}],"author":[{"embeddable":true,"href":"https:\/\/detaycilar.com\/index.php\/wp-json\/wp\/v2\/users\/1"}],"replies":[{"embeddable":true,"href":"https:\/\/detaycilar.com\/index.php\/wp-json\/wp\/v2\/comments?post=12"}],"version-history":[{"count":1,"href":"https:\/\/detaycilar.com\/index.php\/wp-json\/wp\/v2\/pages\/12\/revisions"}],"predecessor-version":[{"id":9881,"href":"https:\/\/detaycilar.com\/index.php\/wp-json\/wp\/v2\/pages\/12\/revisions\/9881"}],"wp:attachment":[{"href":"https:\/\/detaycilar.com\/index.php\/wp-json\/wp\/v2\/media?parent=12"}],"curies":[{"name":"wp","href":"https:\/\/api.w.org\/{rel}","templated":true}]}}